{"id":9827,"date":"2026-04-07T21:22:06","date_gmt":"2026-04-07T21:22:06","guid":{"rendered":"https:\/\/duckrabbit.sonnys.work\/product\/10-stapelwurfel-tiere\/"},"modified":"2026-04-07T21:22:30","modified_gmt":"2026-04-07T21:22:30","slug":"10-stapelwurfel-tiere","status":"publish","type":"product","link":"https:\/\/staging.duckrabbit.ch\/de\/product\/10-stapelwurfel-tiere\/","title":{"rendered":"10 Stapelw\u00fcrfel &#8211; Tiere"},"content":{"rendered":"<p>    Expertenmeinung<br \/>\n    Le jeu Cubes Gigognes \u2013 Animaux est un jeu de construction con\u00e7u pour les enfants d\u00e8s 2 ans, offrant une exp\u00e9rience qui \u00e9volue avec leur d\u00e9veloppement cognitif et moteur. <\/p>\n<p>Initialement, il encourage la motricit\u00e9 fine en empilant et en encastrant les cubes, am\u00e9liorant ainsi la coordination et la pr\u00e9cision. Chaque face des cubes pr\u00e9sente des \u00e9l\u00e9ments vari\u00e9s comme des animaux ou des nombres, aidant les enfants \u00e0 apprendre et \u00e0 explorer diff\u00e9rents concepts. <\/p>\n<p>Par la suite, le jeu \u00e9volue vers l&#x27;apprentissage des nombres et des notions de taille. En comparant les cubes et en les ordonnant, les enfants d\u00e9veloppent une compr\u00e9hension intuitive des nombres jusqu&#x27;\u00e0 10. <\/p>\n<p>Cette exp\u00e9rience \u00e9ducative et ludique contribue au d\u00e9veloppement global des enfants d\u00e8s leurs premi\u00e8res ann\u00e9es.<\/p>\n","protected":false},"excerpt":{"rendered":"<p>Die 10 Stapelw\u00fcrfel wurden f\u00fcr Kinder ab 2 Jahren entwickelt und bieten auf jeder Seite zahlreiche \u00dcberraschungen. Ihr Kind wird sich mit den verschiedenen auf den W\u00fcrfeln abgebildeten Tieren vertraut machen: Eule, B\u00e4r, Kaninchen, Schwein&#8230;, und beobachten wie sie schlafen, spielen und fressen.<\/p>\n<p>Vom gr\u00f6\u00dften zum kleinsten W\u00fcrfel \u00fcbereinander gestapelt, bilden die W\u00fcrfel einen Turm von ca. 87 cm H\u00f6he. Die in sanften Farben gestalteten W\u00fcrfel sind an der Unterseite hohl. So nehmen sie wenig Platz ein, wenn man sie ineinander stapelt.<\/p>\n<p>Dieses Spiel mit 10 unterschiedlich gro\u00dfen W\u00fcrfeln aus Karton hilft Ihrem Kind, Hand-Augen-Koordination und Geschicklichkeit zu entwickeln. Das Zusammensetzen der W\u00fcrfel fordert die visuelle Aufmerksamkeit und die Konzentrationsf\u00e4higkeit.<\/p>\n<p>Dieses erste W\u00fcrfelspiel wird die Entwicklung Ihres Kindes begleiten und mit ihm wachsen. Es dient zuerst als einfaches Motorikspiel, entwickelt sich zu einem Konstruktionsspiel und schlie\u00dflich zu einem Zahlen-Lernspiel.<\/p>\n<p>Dieses Lernspielzeug wurde von der K\u00fcnstlerin Melusine Allirol liebevoll gestaltet. Sie ist seit vielen Jahren Teil unserer Geschichte und bietet ein frisches und farbenfrohes Universum, das sich wunderbar mit der Welt der Spielzeuge verbinden l\u00e4sst. Die Illustratorin ist auf die fr\u00fche Kindheit spezialisiert und arbeitet haupts\u00e4chlich f\u00fcr Verlage, manchmal auch f\u00fcr Dekorationen und Textilien.<\/p>\n","protected":false},"featured_media":9828,"comment_status":"closed","ping_status":"closed","template":"","meta":[],"product_brand":[],"product_cat":[227,585,446],"product_tag":[],"class_list":{"0":"post-9827","1":"product","2":"type-product","3":"status-publish","4":"has-post-thumbnail","6":"product_cat-exekutive-funktionen-de","7":"product_cat-mathematik-und-logik-de","8":"product_cat-motorik-de","10":"first","11":"instock","12":"taxable","13":"shipping-taxable","14":"purchasable","15":"product-type-simple"},"_links":{"self":[{"href":"https:\/\/staging.duckrabbit.ch\/de\/wp-json\/wp\/v2\/product\/9827","targetHints":{"allow":["GET"]}}],"collection":[{"href":"https:\/\/staging.duckrabbit.ch\/de\/wp-json\/wp\/v2\/product"}],"about":[{"href":"https:\/\/staging.duckrabbit.ch\/de\/wp-json\/wp\/v2\/types\/product"}],"replies":[{"embeddable":true,"href":"https:\/\/staging.duckrabbit.ch\/de\/wp-json\/wp\/v2\/comments?post=9827"}],"wp:featuredmedia":[{"embeddable":true,"href":"https:\/\/staging.duckrabbit.ch\/de\/wp-json\/wp\/v2\/media\/9828"}],"wp:attachment":[{"href":"https:\/\/staging.duckrabbit.ch\/de\/wp-json\/wp\/v2\/media?parent=9827"}],"wp:term":[{"taxonomy":"product_brand","embeddable":true,"href":"https:\/\/staging.duckrabbit.ch\/de\/wp-json\/wp\/v2\/product_brand?post=9827"},{"taxonomy":"product_cat","embeddable":true,"href":"https:\/\/staging.duckrabbit.ch\/de\/wp-json\/wp\/v2\/product_cat?post=9827"},{"taxonomy":"product_tag","embeddable":true,"href":"https:\/\/staging.duckrabbit.ch\/de\/wp-json\/wp\/v2\/product_tag?post=9827"}],"curies":[{"name":"wp","href":"https:\/\/api.w.org\/{rel}","templated":true}]}}