{"id":9790,"date":"2026-04-07T21:20:06","date_gmt":"2026-04-07T21:20:06","guid":{"rendered":"https:\/\/duckrabbit.sonnys.work\/product\/10-stabelwurfel-sanftheit\/"},"modified":"2026-04-07T21:21:07","modified_gmt":"2026-04-07T21:21:07","slug":"10-stabelwurfel-sanftheit","status":"publish","type":"product","link":"https:\/\/staging.duckrabbit.ch\/de\/product\/10-stabelwurfel-sanftheit\/","title":{"rendered":"10 Stabelw\u00fcrfel &#8211; Sanftheit"},"content":{"rendered":"<p>    Expertenmeinung<br \/>\n    Le jeu Cubes Gigognes \u2013 Douceur est un jeu de construction con\u00e7u pour les enfants d\u00e8s 2 ans, offrant une exp\u00e9rience qui \u00e9volue avec leur d\u00e9veloppement cognitif et moteur. <\/p>\n<p>Initialement, il encourage la motricit\u00e9 fine en empilant et en encastrant les cubes, am\u00e9liorant ainsi la coordination et la pr\u00e9cision. Chaque face des cubes pr\u00e9sente des \u00e9l\u00e9ments vari\u00e9s comme des animaux ou des nombres, aidant les enfants \u00e0 apprendre et \u00e0 explorer diff\u00e9rents concepts. <\/p>\n<p>Par la suite, le jeu \u00e9volue vers l&#x27;apprentissage des nombres et des notions de taille. En comparant les cubes et en les ordonnant, les enfants d\u00e9veloppent une compr\u00e9hension intuitive des nombres jusqu&#x27;\u00e0 10. <\/p>\n<p>Cette exp\u00e9rience \u00e9ducative et ludique contribue au d\u00e9veloppement global des enfants d\u00e8s leurs premi\u00e8res ann\u00e9es.<\/p>\n","protected":false},"excerpt":{"rendered":"<p>Die 10 Stapelw\u00fcrfel wurden f\u00fcr Kinder ab 2 Jahren entwickelt und bieten auf jeder Seite zahlreiche \u00dcberraschungen: Zum Entdecken gibt es Tiere, Zahlen, und T\u00e4tigkeiten. Das Ganze ist mit zarten und sanften Illustrationen versehen.<\/p>\n<p>Vom gr\u00f6\u00dften zum kleinsten W\u00fcrfel \u00fcbereinander gestapelt, bilden die W\u00fcrfel einen Turm von ca. 87 cm H\u00f6he. Die in sanften Farben gestalteten W\u00fcrfel sind an der Unterseite hohl. So nehmen sie wenig Platz ein, wenn man sie ineinander stapelt.<\/p>\n<p>Dieses Spiel mit 10 unterschiedlich gro\u00dfen W\u00fcrfeln aus Karton hilft Ihrem Kind, Hand-Augen-Koordination und Geschicklichkeit zu entwickeln. Das Zusammensetzen der W\u00fcrfel fordert die visuelle Aufmerksamkeit und die Konzentrationsf\u00e4higkeit.<\/p>\n<p>Dieses erste W\u00fcrfelspiel wird die Entwicklung Ihres Kindes begleiten und mit ihm wachsen. Es dient zuerst als einfaches Motorikspiel, entwickelt sich zu einem Konstruktionsspiel und schlie\u00dflich zu einem Zahlen-Lernspiel.<\/p>\n<p>Dieses Spiel wurde von der K\u00fcnstlerin Michelle Carlslund liebevoll gestaltet. Sie geh\u00f6rt seit vielen Jahren zur VILAC-Familie und kreiert sanfte und elegante Welten. Als freiberufliche Illustratorin, die sich von allem, was sie umgibt, inspirieren l\u00e4sst, sind ihre Kreationen zart und poetisch, und ihre kindliche und stilisierte Welt passt perfekt zu der unserer Spielzeuge.<\/p>\n","protected":false},"featured_media":9791,"comment_status":"closed","ping_status":"closed","template":"","meta":[],"product_brand":[],"product_cat":[227,585,446],"product_tag":[],"class_list":{"0":"post-9790","1":"product","2":"type-product","3":"status-publish","4":"has-post-thumbnail","6":"product_cat-exekutive-funktionen-de","7":"product_cat-mathematik-und-logik-de","8":"product_cat-motorik-de","10":"first","11":"instock","12":"taxable","13":"shipping-taxable","14":"purchasable","15":"product-type-simple"},"_links":{"self":[{"href":"https:\/\/staging.duckrabbit.ch\/de\/wp-json\/wp\/v2\/product\/9790","targetHints":{"allow":["GET"]}}],"collection":[{"href":"https:\/\/staging.duckrabbit.ch\/de\/wp-json\/wp\/v2\/product"}],"about":[{"href":"https:\/\/staging.duckrabbit.ch\/de\/wp-json\/wp\/v2\/types\/product"}],"replies":[{"embeddable":true,"href":"https:\/\/staging.duckrabbit.ch\/de\/wp-json\/wp\/v2\/comments?post=9790"}],"wp:featuredmedia":[{"embeddable":true,"href":"https:\/\/staging.duckrabbit.ch\/de\/wp-json\/wp\/v2\/media\/9791"}],"wp:attachment":[{"href":"https:\/\/staging.duckrabbit.ch\/de\/wp-json\/wp\/v2\/media?parent=9790"}],"wp:term":[{"taxonomy":"product_brand","embeddable":true,"href":"https:\/\/staging.duckrabbit.ch\/de\/wp-json\/wp\/v2\/product_brand?post=9790"},{"taxonomy":"product_cat","embeddable":true,"href":"https:\/\/staging.duckrabbit.ch\/de\/wp-json\/wp\/v2\/product_cat?post=9790"},{"taxonomy":"product_tag","embeddable":true,"href":"https:\/\/staging.duckrabbit.ch\/de\/wp-json\/wp\/v2\/product_tag?post=9790"}],"curies":[{"name":"wp","href":"https:\/\/api.w.org\/{rel}","templated":true}]}}