{"id":1105,"date":"2026-04-07T11:39:02","date_gmt":"2026-04-07T11:39:02","guid":{"rendered":"https:\/\/duckrabbit.sonnys.work\/product\/wunderbare-holzbarusteine-101-teile\/"},"modified":"2026-04-07T11:39:45","modified_gmt":"2026-04-07T11:39:45","slug":"wunderbare-holzbarusteine-101-teile","status":"publish","type":"product","link":"https:\/\/staging.duckrabbit.ch\/de\/product\/wunderbare-holzbarusteine-101-teile\/","title":{"rendered":"Wunderbare Holzbarusteine &#8211; 101 Teile"},"content":{"rendered":"","protected":false},"excerpt":{"rendered":"<p>Mit seinen leuchtenden Farben und einfachen Formen ist dieses Set aus Holzbausteinen perfekt f\u00fcr alle Arten von Bauspa\u00df. Die Kleinen k\u00f6nnen m\u00e4rchenhafte T\u00fcrme, Br\u00fccken mit Stra\u00dfen und vieles mehr bauen.<\/p>\n","protected":false},"featured_media":1106,"comment_status":"closed","ping_status":"closed","template":"","meta":[],"product_brand":[],"product_cat":[446,516],"product_tag":[],"class_list":{"0":"post-1105","1":"product","2":"type-product","3":"status-publish","4":"has-post-thumbnail","6":"product_cat-motorik-de","7":"product_cat-wahrnehmung-de","9":"first","10":"instock","11":"taxable","12":"shipping-taxable","13":"purchasable","14":"product-type-simple"},"_links":{"self":[{"href":"https:\/\/staging.duckrabbit.ch\/de\/wp-json\/wp\/v2\/product\/1105","targetHints":{"allow":["GET"]}}],"collection":[{"href":"https:\/\/staging.duckrabbit.ch\/de\/wp-json\/wp\/v2\/product"}],"about":[{"href":"https:\/\/staging.duckrabbit.ch\/de\/wp-json\/wp\/v2\/types\/product"}],"replies":[{"embeddable":true,"href":"https:\/\/staging.duckrabbit.ch\/de\/wp-json\/wp\/v2\/comments?post=1105"}],"wp:featuredmedia":[{"embeddable":true,"href":"https:\/\/staging.duckrabbit.ch\/de\/wp-json\/wp\/v2\/media\/1106"}],"wp:attachment":[{"href":"https:\/\/staging.duckrabbit.ch\/de\/wp-json\/wp\/v2\/media?parent=1105"}],"wp:term":[{"taxonomy":"product_brand","embeddable":true,"href":"https:\/\/staging.duckrabbit.ch\/de\/wp-json\/wp\/v2\/product_brand?post=1105"},{"taxonomy":"product_cat","embeddable":true,"href":"https:\/\/staging.duckrabbit.ch\/de\/wp-json\/wp\/v2\/product_cat?post=1105"},{"taxonomy":"product_tag","embeddable":true,"href":"https:\/\/staging.duckrabbit.ch\/de\/wp-json\/wp\/v2\/product_tag?post=1105"}],"curies":[{"name":"wp","href":"https:\/\/api.w.org\/{rel}","templated":true}]}}