{"id":10057,"date":"2026-03-10T11:05:45","date_gmt":"2026-03-10T11:05:45","guid":{"rendered":"https:\/\/duckrabbit.sonnys.work\/boxes\/"},"modified":"2026-04-09T08:18:19","modified_gmt":"2026-04-09T08:18:19","slug":"boxes","status":"publish","type":"page","link":"https:\/\/staging.duckrabbit.ch\/de\/boxes\/","title":{"rendered":"Boxes"},"content":{"rendered":"<h2>BOXES DE JOUETS<\/h2>\n<h1>Des jouets con\u00e7us pour s\u2019adapter \u00e0 chaque \u00e9tape du d\u00e9veloppement de votre enfant<\/h1>\n<a href=\"#boxes-section\" class=\"button orange\"  \n             >D\u00e9couvrez nos boxes<\/a>\n","protected":false},"excerpt":{"rendered":"<p>BOXES DE JOUETS Des jouets con\u00e7us pour s\u2019adapter \u00e0 chaque \u00e9tape du d\u00e9veloppement de votre enfant<\/p>\n","protected":false},"author":1,"featured_media":0,"parent":0,"menu_order":0,"comment_status":"closed","ping_status":"closed","template":"tpl-boxes.php","meta":{"footnotes":""},"class_list":["post-10057","page","type-page","status-publish","hentry"],"_links":{"self":[{"href":"https:\/\/staging.duckrabbit.ch\/de\/wp-json\/wp\/v2\/pages\/10057","targetHints":{"allow":["GET"]}}],"collection":[{"href":"https:\/\/staging.duckrabbit.ch\/de\/wp-json\/wp\/v2\/pages"}],"about":[{"href":"https:\/\/staging.duckrabbit.ch\/de\/wp-json\/wp\/v2\/types\/page"}],"author":[{"embeddable":true,"href":"https:\/\/staging.duckrabbit.ch\/de\/wp-json\/wp\/v2\/users\/1"}],"replies":[{"embeddable":true,"href":"https:\/\/staging.duckrabbit.ch\/de\/wp-json\/wp\/v2\/comments?post=10057"}],"version-history":[{"count":6,"href":"https:\/\/staging.duckrabbit.ch\/de\/wp-json\/wp\/v2\/pages\/10057\/revisions"}],"predecessor-version":[{"id":10060,"href":"https:\/\/staging.duckrabbit.ch\/de\/wp-json\/wp\/v2\/pages\/10057\/revisions\/10060"}],"wp:attachment":[{"href":"https:\/\/staging.duckrabbit.ch\/de\/wp-json\/wp\/v2\/media?parent=10057"}],"curies":[{"name":"wp","href":"https:\/\/api.w.org\/{rel}","templated":true}]}}